{"id":62052,"date":"2025-10-23T13:01:36","date_gmt":"2025-10-23T13:01:36","guid":{"rendered":"https:\/\/www.learnportuguesewithsusana.com\/pt\/?post_type=product&#038;p=62052"},"modified":"2026-01-13T17:10:38","modified_gmt":"2026-01-13T17:10:38","slug":"life-in-portugal-podcasts","status":"publish","type":"product","link":"https:\/\/www.learnportuguesewithsusana.com\/pt\/shop\/life-in-portugal-podcasts\/","title":{"rendered":"Life in Portugal Podcasts"},"content":{"rendered":"<p data-start=\"802\" data-end=\"876\">Este podcast \u00e9 ideal para quem est\u00e1 a aprender <strong data-start=\"494\" data-end=\"530\">portugu\u00eas europeu (n\u00edveis A2\u2013B1,B2)<\/strong> e quer melhorar a compreens\u00e3o oral, ao mesmo tempo que conhece melhor o pa\u00eds, as pessoas e o estilo de vida em Portugal.<\/p>\n<p data-start=\"653\" data-end=\"675\">Aqui vais ouvir sobre:<\/p>\n<ul data-start=\"676\" data-end=\"827\">\n<li data-start=\"676\" data-end=\"711\">\n<p data-start=\"678\" data-end=\"711\">Cultura e tradi\u00e7\u00f5es portuguesas<\/p>\n<\/li>\n<li data-start=\"712\" data-end=\"743\">\n<p data-start=\"714\" data-end=\"743\">Vida quotidiana em Portugal<\/p>\n<\/li>\n<li data-start=\"744\" data-end=\"778\">\n<p data-start=\"746\" data-end=\"778\">Festas, costumes e celebra\u00e7\u00f5es<\/p>\n<\/li>\n<li data-start=\"779\" data-end=\"827\">\n<p data-start=\"781\" data-end=\"827\">Vocabul\u00e1rio e express\u00f5es usadas no dia a dia<\/p>\n<\/li>\n<\/ul>\n<p data-start=\"829\" data-end=\"921\">Aprende portugu\u00eas, treina o ouvido e sente-te cada vez mais pr\u00f3ximo da vida em Portugal.<\/p>\n<p data-start=\"613\" data-end=\"650\"><em>This podcast is ideal for learners of <strong data-start=\"451\" data-end=\"489\">European Portuguese (A2\u2013B1,B2 levels)<\/strong> who want to improve their listening skills while getting to know the country, the people, and the Portuguese way of life.<\/em><\/p>\n<p data-start=\"613\" data-end=\"650\"><em>In this podcast, you will hear about:<\/em><\/p>\n<ul data-start=\"651\" data-end=\"800\">\n<li data-start=\"651\" data-end=\"688\">\n<p data-start=\"653\" data-end=\"688\"><em>Portuguese culture and traditions<\/em><\/p>\n<\/li>\n<li data-start=\"651\" data-end=\"688\">\n<p data-start=\"653\" data-end=\"688\"><em>Daily life in Portugal<\/em><\/p>\n<\/li>\n<li data-start=\"716\" data-end=\"760\">\n<p data-start=\"718\" data-end=\"760\"><em>Celebrations, customs, and social habits<\/em><\/p>\n<\/li>\n<li data-start=\"761\" data-end=\"800\">\n<p data-start=\"763\" data-end=\"800\"><em>Everyday vocabulary and expressions<\/em><\/p>\n<\/li>\n<\/ul>\n<p data-start=\"802\" data-end=\"876\"><em>Learn Portuguese, train your ear, and feel closer to life in Portugal.<\/em><\/p>\n","protected":false},"excerpt":{"rendered":"<p data-start=\"190\" data-end=\"445\"><strong data-start=\"190\" data-end=\"210\">Life in Portugal<\/strong> \u00e9 um podcast pensado para quem quer descobrir como \u00e9, de verdade, viver em Portugal.<br data-start=\"295\" data-end=\"298\" \/>Em epis\u00f3dios curtos e acess\u00edveis, partilho curiosidades, h\u00e1bitos, tradi\u00e7\u00f5es, cultura e situa\u00e7\u00f5es do dia a dia, explicadas de forma simples e clara.<\/p>\n<p data-start=\"190\" data-end=\"445\"><em><strong data-start=\"159\" data-end=\"179\">Life in Portugal<\/strong> is a podcast for anyone who wants to discover what life in Portugal is really like.<\/em><br data-start=\"263\" data-end=\"266\" \/><em>In short and accessible episodes, I share curiosities, habits, traditions, culture, and everyday situations, explained in a simple and clear way.<\/em><\/p>\n","protected":false},"featured_media":62406,"comment_status":"closed","ping_status":"closed","template":"","meta":{"site-sidebar-layout":"default","site-content-layout":"","ast-site-content-layout":"default","site-content-style":"default","site-sidebar-style":"default","ast-global-header-display":"","ast-banner-title-visibility":"","ast-main-header-display":"","ast-hfb-above-header-display":"","ast-hfb-below-header-display":"","ast-hfb-mobile-header-display":"","site-post-title":"","ast-breadcrumbs-content":"","ast-featured-img":"","footer-sml-layout":"","ast-disable-related-posts":"","theme-transparent-header-meta":"default","adv-header-id-meta":"","stick-header-meta":"","header-above-stick-meta":"","header-main-stick-meta":"","header-below-stick-meta":"","astra-migrate-meta-layouts":"set","ast-page-background-enabled":"default","ast-page-background-meta":{"desktop":{"background-color":"","background-image":"","background-repeat":"repeat","background-position":"center center","background-size":"auto","background-attachment":"scroll","background-type":"","background-media":"","overlay-type":"","overlay-color":"","overlay-opacity":"","overlay-gradient":""},"tablet":{"background-color":"","background-image":"","background-repeat":"repeat","background-position":"center center","background-size":"auto","background-attachment":"scroll","background-type":"","background-media":"","overlay-type":"","overlay-color":"","overlay-opacity":"","overlay-gradient":""},"mobile":{"background-color":"","background-image":"","background-repeat":"repeat","background-position":"center center","background-size":"auto","background-attachment":"scroll","background-type":"","background-media":"","overlay-type":"","overlay-color":"","overlay-opacity":"","overlay-gradient":""}},"ast-content-background-meta":{"desktop":{"background-color":"var(--ast-global-color-5)","background-image":"","background-repeat":"repeat","background-position":"center center","background-size":"auto","background-attachment":"scroll","background-type":"","background-media":"","overlay-type":"","overlay-color":"","overlay-opacity":"","overlay-gradient":""},"tablet":{"background-color":"var(--ast-global-color-5)","background-image":"","background-repeat":"repeat","background-position":"center center","background-size":"auto","background-attachment":"scroll","background-type":"","background-media":"","overlay-type":"","overlay-color":"","overlay-opacity":"","overlay-gradient":""},"mobile":{"background-color":"var(--ast-global-color-5)","background-image":"","background-repeat":"repeat","background-position":"center center","background-size":"auto","background-attachment":"scroll","background-type":"","background-media":"","overlay-type":"","overlay-color":"","overlay-opacity":"","overlay-gradient":""}}},"product_brand":[],"product_cat":[33,79],"product_tag":[],"class_list":{"0":"post-62052","1":"product","2":"type-product","3":"status-publish","4":"has-post-thumbnail","6":"product_cat-freebies","7":"product_cat-podcasts","8":"desktop-align-left","9":"tablet-align-left","10":"mobile-align-left","12":"first","13":"instock","14":"virtual","15":"sold-individually","16":"purchasable","17":"product-type-course"},"_links":{"self":[{"href":"https:\/\/www.learnportuguesewithsusana.com\/pt\/wp-json\/wp\/v2\/product\/62052","targetHints":{"allow":["GET"]}}],"collection":[{"href":"https:\/\/www.learnportuguesewithsusana.com\/pt\/wp-json\/wp\/v2\/product"}],"about":[{"href":"https:\/\/www.learnportuguesewithsusana.com\/pt\/wp-json\/wp\/v2\/types\/product"}],"replies":[{"embeddable":true,"href":"https:\/\/www.learnportuguesewithsusana.com\/pt\/wp-json\/wp\/v2\/comments?post=62052"}],"wp:featuredmedia":[{"embeddable":true,"href":"https:\/\/www.learnportuguesewithsusana.com\/pt\/wp-json\/wp\/v2\/media\/62406"}],"wp:attachment":[{"href":"https:\/\/www.learnportuguesewithsusana.com\/pt\/wp-json\/wp\/v2\/media?parent=62052"}],"wp:term":[{"taxonomy":"product_brand","embeddable":true,"href":"https:\/\/www.learnportuguesewithsusana.com\/pt\/wp-json\/wp\/v2\/product_brand?post=62052"},{"taxonomy":"product_cat","embeddable":true,"href":"https:\/\/www.learnportuguesewithsusana.com\/pt\/wp-json\/wp\/v2\/product_cat?post=62052"},{"taxonomy":"product_tag","embeddable":true,"href":"https:\/\/www.learnportuguesewithsusana.com\/pt\/wp-json\/wp\/v2\/product_tag?post=62052"}],"curies":[{"name":"wp","href":"https:\/\/api.w.org\/{rel}","templated":true}]}}