{"id":28963,"date":"2022-03-10T02:20:55","date_gmt":"2022-03-10T02:20:55","guid":{"rendered":"https:\/\/www.learnportuguesewithsusana.com\/pt\/?post_type=product&#038;p=28963"},"modified":"2025-10-25T15:56:41","modified_gmt":"2025-10-25T15:56:41","slug":"introducao-ja-esta","status":"publish","type":"product","link":"https:\/\/www.learnportuguesewithsusana.com\/pt\/shop\/introducao-ja-esta\/","title":{"rendered":"J\u00c1 EST\u00c1! &#8211; Introdu\u00e7\u00e3o"},"content":{"rendered":"<p><strong>&#8220;J\u00e1 est\u00e1!&#8221; Meaning:<\/strong> This Portuguese saying means you&#8217;ve completed a goal and it was easier than expected.<\/p>\n<p><strong>&#8220;J\u00e1 est\u00e1!&#8221; Program Motto:<\/strong> This saying is the motto of a 6-month Portuguese learning program because learning Portuguese is easier than you might think.<\/p>\n<p><strong>Program Structure:<\/strong><\/p>\n<ul>\n<li style=\"list-style-type: none;\">\n<ul data-sourcepos=\"6:5-14:83\">\n<li data-sourcepos=\"6:5-6:25\">Organized weekly.<\/li>\n<li data-sourcepos=\"7:5-7:69\">Each week has a theme with associated grammar and vocabulary.<\/li>\n<li data-sourcepos=\"8:5-8:39\">Total program length: 24 weeks.<\/li>\n<li data-sourcepos=\"9:5-9:71\">7 daily lessons per week (maximum 40 minutes of study per day).<\/li>\n<li data-sourcepos=\"10:5-10:36\">All 7 lessons are mandatory.<\/li>\n<li data-sourcepos=\"11:5-11:99\">The 7th lesson is especially important for consolidating learning from the previous 6 days.<\/li>\n<li data-sourcepos=\"12:5-12:69\">Each lesson has specific objectives and a strict methodology.<\/li>\n<li data-sourcepos=\"13:5-13:102\">Mandatory practical work at the end of each lesson is required to progress to the next lesson.<\/li>\n<li data-sourcepos=\"14:5-14:83\">Additional material is available for those who want to study in more depth.<\/li>\n<\/ul>\n<\/li>\n<\/ul>\n<hr \/>\n<p><strong>\u201cJ\u00e1 est\u00e1!\u201d Significado:<\/strong> Este ditado portugu\u00eas significa que completou um objetivo e que foi mais f\u00e1cil do que esperava.<\/p>\n<p><strong>\u201cJ\u00e1 est\u00e1!\u201d Lema do programa:<\/strong> Este ditado \u00e9 o lema de um programa de aprendizagem de portugu\u00eas de 6 meses porque aprender portugu\u00eas \u00e9 mais f\u00e1cil do que se pensa.<\/p>\n<p><strong>Estrutura do programa:<\/strong><\/p>\n<ul>\n<li>Cada semana tem um tema com gram\u00e1tica e vocabul\u00e1rio associados.<\/li>\n<li>Dura\u00e7\u00e3o total do programa: 24 semanas.<\/li>\n<li>7 li\u00e7\u00f5es di\u00e1rias por semana (m\u00e1ximo de 40 minutos de estudo por dia).<\/li>\n<li>Todas as 7 li\u00e7\u00f5es s\u00e3o obrigat\u00f3rias.<\/li>\n<li>A 7\u00aa li\u00e7\u00e3o \u00e9 especialmente importante para consolidar a aprendizagem dos 6 dias anteriores.<\/li>\n<li>Cada aula tem objectivos espec\u00edficos e uma metodologia rigorosa.<\/li>\n<li>O trabalho pr\u00e1tico obrigat\u00f3rio no final de cada li\u00e7\u00e3o \u00e9 necess\u00e1rio para avan\u00e7ar para a li\u00e7\u00e3o seguinte.<\/li>\n<li>Est\u00e1 dispon\u00edvel material adicional para quem quiser aprofundar o estudo.<\/li>\n<\/ul>\n<p>&nbsp;<\/p>\n<p>&nbsp;<\/p>\n","protected":false},"excerpt":{"rendered":"<p>&nbsp;<\/p>\n<p><strong>\u201cJ\u00e1 est\u00e1!\u201d &#8211; <\/strong>Your guide to success in the CIPLE exam. This comprehensive 24-week online program has been carefully designed to prepare you for CIPLE exam.<\/p>\n<p><strong>From Level A1 to Level A2 in 24 Weeks<\/strong>:<\/p>\n<ul>\n<li>The first 12 weeks focus on developing A1 level skills, creating a solid foundation for your learning.<\/li>\n<li>The following 12 weeks are dedicated to A2 level, with an emphasis on the specific contents and formats of the CIPLE exam.<\/li>\n<\/ul>\n<p>Unlocking your platform access post-purchase is a breeze with this step-by-step guide. <span style=\"color: #278575;\"><em><a style=\"color: #278575;\" href=\"https:\/\/www.learnportuguesewithsusana.com\/pt\/wp-content\/uploads\/2022\/03\/How-to-Access-the-platform-3.pdf\">How-to-Access-the-platform.pdf<\/a><\/em><\/span><\/p>\n<p style=\"text-align: center;\"><strong>\u00a0The sooner you start, the sooner you&#8217;ll speak Portuguese!<\/strong><\/p>\n","protected":false},"featured_media":62172,"comment_status":"closed","ping_status":"closed","template":"","meta":{"site-sidebar-layout":"default","site-content-layout":"default","ast-site-content-layout":"default","site-content-style":"default","site-sidebar-style":"default","ast-global-header-display":"","ast-banner-title-visibility":"","ast-main-header-display":"","ast-hfb-above-header-display":"","ast-hfb-below-header-display":"","ast-hfb-mobile-header-display":"","site-post-title":"","ast-breadcrumbs-content":"","ast-featured-img":"","footer-sml-layout":"","ast-disable-related-posts":"","theme-transparent-header-meta":"default","adv-header-id-meta":"","stick-header-meta":"","header-above-stick-meta":"","header-main-stick-meta":"","header-below-stick-meta":"","astra-migrate-meta-layouts":"set","ast-page-background-enabled":"default","ast-page-background-meta":{"desktop":{"background-color":"","background-image":"","background-repeat":"repeat","background-position":"center center","background-size":"auto","background-attachment":"scroll","background-type":"","background-media":"","overlay-type":"","overlay-color":"","overlay-opacity":"","overlay-gradient":""},"tablet":{"background-color":"","background-image":"","background-repeat":"repeat","background-position":"center center","background-size":"auto","background-attachment":"scroll","background-type":"","background-media":"","overlay-type":"","overlay-color":"","overlay-opacity":"","overlay-gradient":""},"mobile":{"background-color":"","background-image":"","background-repeat":"repeat","background-position":"center center","background-size":"auto","background-attachment":"scroll","background-type":"","background-media":"","overlay-type":"","overlay-color":"","overlay-opacity":"","overlay-gradient":""}},"ast-content-background-meta":{"desktop":{"background-color":"var(--ast-global-color-5)","background-image":"","background-repeat":"repeat","background-position":"center center","background-size":"auto","background-attachment":"scroll","background-type":"","background-media":"","overlay-type":"","overlay-color":"","overlay-opacity":"","overlay-gradient":""},"tablet":{"background-color":"var(--ast-global-color-5)","background-image":"","background-repeat":"repeat","background-position":"center center","background-size":"auto","background-attachment":"scroll","background-type":"","background-media":"","overlay-type":"","overlay-color":"","overlay-opacity":"","overlay-gradient":""},"mobile":{"background-color":"var(--ast-global-color-5)","background-image":"","background-repeat":"repeat","background-position":"center center","background-size":"auto","background-attachment":"scroll","background-type":"","background-media":"","overlay-type":"","overlay-color":"","overlay-opacity":"","overlay-gradient":""}}},"product_brand":[],"product_cat":[22],"product_tag":[],"class_list":{"0":"post-28963","1":"product","2":"type-product","3":"status-publish","4":"has-post-thumbnail","6":"product_cat-jaesta","7":"desktop-align-left","8":"tablet-align-left","9":"mobile-align-left","11":"first","12":"instock","13":"virtual","14":"sold-individually","15":"purchasable","16":"product-type-course"},"_links":{"self":[{"href":"https:\/\/www.learnportuguesewithsusana.com\/pt\/wp-json\/wp\/v2\/product\/28963","targetHints":{"allow":["GET"]}}],"collection":[{"href":"https:\/\/www.learnportuguesewithsusana.com\/pt\/wp-json\/wp\/v2\/product"}],"about":[{"href":"https:\/\/www.learnportuguesewithsusana.com\/pt\/wp-json\/wp\/v2\/types\/product"}],"replies":[{"embeddable":true,"href":"https:\/\/www.learnportuguesewithsusana.com\/pt\/wp-json\/wp\/v2\/comments?post=28963"}],"wp:featuredmedia":[{"embeddable":true,"href":"https:\/\/www.learnportuguesewithsusana.com\/pt\/wp-json\/wp\/v2\/media\/62172"}],"wp:attachment":[{"href":"https:\/\/www.learnportuguesewithsusana.com\/pt\/wp-json\/wp\/v2\/media?parent=28963"}],"wp:term":[{"taxonomy":"product_brand","embeddable":true,"href":"https:\/\/www.learnportuguesewithsusana.com\/pt\/wp-json\/wp\/v2\/product_brand?post=28963"},{"taxonomy":"product_cat","embeddable":true,"href":"https:\/\/www.learnportuguesewithsusana.com\/pt\/wp-json\/wp\/v2\/product_cat?post=28963"},{"taxonomy":"product_tag","embeddable":true,"href":"https:\/\/www.learnportuguesewithsusana.com\/pt\/wp-json\/wp\/v2\/product_tag?post=28963"}],"curies":[{"name":"wp","href":"https:\/\/api.w.org\/{rel}","templated":true}]}}