{"id":61753,"date":"2025-10-18T18:26:05","date_gmt":"2025-10-18T18:26:05","guid":{"rendered":"https:\/\/www.learnportuguesewithsusana.com\/pt\/?page_id=61753"},"modified":"2025-10-25T15:54:28","modified_gmt":"2025-10-25T15:54:28","slug":"lpwscourses","status":"publish","type":"page","link":"https:\/\/www.learnportuguesewithsusana.com\/pt\/lpwscourses\/","title":{"rendered":"Shop &#8211; COURSES"},"content":{"rendered":"\t\t<div data-elementor-type=\"wp-page\" data-elementor-id=\"61753\" class=\"elementor elementor-61753\" data-elementor-settings=\"{&quot;element_pack_global_tooltip_width&quot;:{&quot;unit&quot;:&quot;px&quot;,&quot;size&quot;:&quot;&quot;,&quot;sizes&quot;:[]},&quot;element_pack_global_tooltip_width_tablet&quot;:{&quot;unit&quot;:&quot;px&quot;,&quot;size&quot;:&quot;&quot;,&quot;sizes&quot;:[]},&quot;element_pack_global_tooltip_width_mobile&quot;:{&quot;unit&quot;:&quot;px&quot;,&quot;size&quot;:&quot;&quot;,&quot;sizes&quot;:[]},&quot;element_pack_global_tooltip_padding&quot;:{&quot;unit&quot;:&quot;px&quot;,&quot;top&quot;:&quot;&quot;,&quot;right&quot;:&quot;&quot;,&quot;bottom&quot;:&quot;&quot;,&quot;left&quot;:&quot;&quot;,&quot;isLinked&quot;:true},&quot;element_pack_global_tooltip_padding_tablet&quot;:{&quot;unit&quot;:&quot;px&quot;,&quot;top&quot;:&quot;&quot;,&quot;right&quot;:&quot;&quot;,&quot;bottom&quot;:&quot;&quot;,&quot;left&quot;:&quot;&quot;,&quot;isLinked&quot;:true},&quot;element_pack_global_tooltip_padding_mobile&quot;:{&quot;unit&quot;:&quot;px&quot;,&quot;top&quot;:&quot;&quot;,&quot;right&quot;:&quot;&quot;,&quot;bottom&quot;:&quot;&quot;,&quot;left&quot;:&quot;&quot;,&quot;isLinked&quot;:true},&quot;element_pack_global_tooltip_border_radius&quot;:{&quot;unit&quot;:&quot;px&quot;,&quot;top&quot;:&quot;&quot;,&quot;right&quot;:&quot;&quot;,&quot;bottom&quot;:&quot;&quot;,&quot;left&quot;:&quot;&quot;,&quot;isLinked&quot;:true},&quot;element_pack_global_tooltip_border_radius_tablet&quot;:{&quot;unit&quot;:&quot;px&quot;,&quot;top&quot;:&quot;&quot;,&quot;right&quot;:&quot;&quot;,&quot;bottom&quot;:&quot;&quot;,&quot;left&quot;:&quot;&quot;,&quot;isLinked&quot;:true},&quot;element_pack_global_tooltip_border_radius_mobile&quot;:{&quot;unit&quot;:&quot;px&quot;,&quot;top&quot;:&quot;&quot;,&quot;right&quot;:&quot;&quot;,&quot;bottom&quot;:&quot;&quot;,&quot;left&quot;:&quot;&quot;,&quot;isLinked&quot;:true}}\" data-elementor-post-type=\"page\">\n\t\t\t\t\t\t<section class=\"elementor-section elementor-top-section elementor-element elementor-element-6ab60e4 elementor-section-boxed elementor-section-height-default elementor-section-height-default\" data-id=\"6ab60e4\" data-element_type=\"section\" data-e-type=\"section\">\n\t\t\t\t\t\t<div class=\"elementor-container elementor-column-gap-no\">\n\t\t\t\t\t<div class=\"elementor-column elementor-col-100 elementor-top-column elementor-element elementor-element-e652652\" data-id=\"e652652\" data-element_type=\"column\" data-e-type=\"column\">\n\t\t\t<div class=\"elementor-widget-wrap elementor-element-populated\">\n\t\t\t\t\t\t<div class=\"elementor-element elementor-element-cd0c5a8 elementor-invisible elementor-widget elementor-widget-heading\" data-id=\"cd0c5a8\" data-element_type=\"widget\" data-e-type=\"widget\" data-settings=\"{&quot;_animation&quot;:&quot;fadeInDown&quot;}\" data-widget_type=\"heading.default\">\n\t\t\t\t\t<h2 class=\"elementor-heading-title elementor-size-default\">Courses<\/h2>\t\t\t\t<\/div>\n\t\t\t\t<div class=\"elementor-element elementor-element-193937e elementor-widget elementor-widget-bdt-wc-products\" data-id=\"193937e\" data-element_type=\"widget\" data-e-type=\"widget\" data-widget_type=\"bdt-wc-products.default\">\n\t\t\t\t\t\t\t<div data-bdt-height-match=\"target: &gt; div &gt; div &gt; .bdt-wc-product-inner\" class=\"bdt-wc-products bdt-wc-products-skin-default\" data-settings=\"{&quot;posts_source&quot;:&quot;product&quot;,&quot;posts_per_page&quot;:6,&quot;ajax_item_load&quot;:4,&quot;posts_include_by&quot;:[&quot;terms&quot;],&quot;posts_include_term_ids&quot;:[&quot;74&quot;,&quot;22&quot;],&quot;posts_select_date&quot;:&quot;anytime&quot;,&quot;posts_orderby&quot;:&quot;date&quot;,&quot;posts_order&quot;:&quot;asc&quot;,&quot;show_badge&quot;:&quot;yes&quot;,&quot;show_title&quot;:&quot;yes&quot;,&quot;title_tags&quot;:&quot;h2&quot;,&quot;show_price&quot;:&quot;yes&quot;,&quot;show_cart&quot;:&quot;yes&quot;,&quot;paged&quot;:1,&quot;nonce&quot;:&quot;8ba097ba71&quot;}\">\n\n\t\t\t\t\t\t<div data-bdt-grid=\"\" class=\"bdt-wc-products-wrapper bdt-grid bdt-grid-medium bdt-child-width-1-3@m bdt-child-width-1-2@s bdt-child-width-1-1\" id=\"bdt-wc-product-193937e\">\n\t\t\t\t\n\t\t\t\t\t\n\t\t\t\t\t<div class=\"bdt-wc-product\">\n\t\t\t\t\t\t<div class=\"bdt-wc-product-inner\">\n\n\t\t\t\t\t\t\t\n\t\t\t\t\t\t\t\t\t<div class=\"bdt-wc-product-image bdt-position-relative bdt-background-cover\">\n\t\t\t<a href=\"https:\/\/www.learnportuguesewithsusana.com\/pt\/shop\/introducao-ja-esta\/\">\n\t\t\t\t<img decoding=\"async\" src=\"https:\/\/www.learnportuguesewithsusana.com\/pt\/wp-content\/uploads\/2022\/03\/JAESTA_INTRO-2-300x300.jpg\"\n\t\t\t\t\talt=\"J\u00c1 EST\u00c1! &#8211; Introdu\u00e7\u00e3o\">\n\t\t\t<\/a>\n\n\t\t\t\t\t\t\t<div class=\"bdt-wc-add-to-cart \">\n\t\t\t\t\t\t\t\t<a href=\"\/pt\/wp-json\/wp\/v2\/pages\/61753?add-to-cart=28963\" data-quantity=\"1\" class=\"button product_type_course add_to_cart_button ajax_add_to_cart\" data-product_id=\"28963\" data-product_sku=\"\" aria-label=\"Read more about &ldquo;J\u00c1 EST\u00c1! - Introdu\u00e7\u00e3o&rdquo;\" rel=\"nofollow\">Add to cart <i class=\"button-icon ep-icon-arrow-right\"><\/i><\/a>\t\t\n\t\t\t\t<\/div>\n\t\t\t\t\t<\/div>\n\t\t\n\t\t\t\t\t\t\t\n\t\t\t\t\t\t\t<div class=\"bdt-wc-product-desc\">\n\t\t\t\t\t\t\t\t\t\t\t\t\t\t\t\t\t<h2\t\t\t\t\t\t\t\t\t\tclass=\"bdt-wc-product-title\">\n\t\t\t\t\t\t\t\t\t\t<a href=\"https:\/\/www.learnportuguesewithsusana.com\/pt\/shop\/introducao-ja-esta\/\" class=\"bdt-link-reset\">\n\t\t\t\t\t\t\t\t\t\t\tJ\u00c1 EST\u00c1! &#8211; Introdu\u00e7\u00e3o\t\t\t\t\t\t\t\t\t\t<\/a>\n\t\t\t\t\t\t\t\t\t<\/h2>\n\t\t\t\t\t\t\t\t\n\t\t\t\t\t\t\t\t\t\t\t\t\t\t\t\t\t\t\t\t\t\t\t\t\t\t\t<div class=\"bdt-wc-product-price\">\n\t\t\t\t\t\t\t\t\t\t\t<p class=\"price\"><span class=\"woocommerce-Price-amount amount\"><bdi>0<span class=\"woocommerce-Price-currencySymbol\">&euro;<\/span><\/bdi><\/span><\/p>\n\t\t\t\t\t\t\t\t\t\t<\/div>\n\t\t\t\t\t\t\t\t\t\n\t\t\t\t\t\t\t\t\t\t\t\t\t\t\t\t\t\t\t\t\t\t\t\t<\/div>\n\n\t\t\t\t\t\t<\/div>\n\t\t\t\t\t<\/div>\n\t\t\t\t\n\t\t\t\t\t\n\t\t\t\t\t<div class=\"bdt-wc-product\">\n\t\t\t\t\t\t<div class=\"bdt-wc-product-inner\">\n\n\t\t\t\t\t\t\t\n\t\t\t\t\t\t\t\t\t<div class=\"bdt-wc-product-image bdt-position-relative bdt-background-cover\">\n\t\t\t<a href=\"https:\/\/www.learnportuguesewithsusana.com\/pt\/shop\/ja-esta-first-12-weeks-of-course\/\">\n\t\t\t\t<img decoding=\"async\" src=\"https:\/\/www.learnportuguesewithsusana.com\/pt\/wp-content\/uploads\/2022\/03\/JAESTA_FIRST12-1-300x300.jpg\"\n\t\t\t\t\talt=\"J\u00c1 EST\u00c1! &#8211; First 12 Weeks\">\n\t\t\t<\/a>\n\n\t\t\t\t\t\t\t<div class=\"bdt-wc-add-to-cart \">\n\t\t\t\t\t\t\t\t<a href=\"\/pt\/wp-json\/wp\/v2\/pages\/61753?add-to-cart=29094\" data-quantity=\"1\" class=\"button product_type_course add_to_cart_button ajax_add_to_cart\" data-product_id=\"29094\" data-product_sku=\"\" aria-label=\"Read more about &ldquo;J\u00c1 EST\u00c1! - First 12 Weeks&rdquo;\" rel=\"nofollow\">Add to cart <i class=\"button-icon ep-icon-arrow-right\"><\/i><\/a>\t\t\n\t\t\t\t<\/div>\n\t\t\t\t\t<\/div>\n\t\t\n\t\t\t\t\t\t\t\n\t\t\t\t\t\t\t<div class=\"bdt-wc-product-desc\">\n\t\t\t\t\t\t\t\t\t\t\t\t\t\t\t\t\t<h2\t\t\t\t\t\t\t\t\t\tclass=\"bdt-wc-product-title\">\n\t\t\t\t\t\t\t\t\t\t<a href=\"https:\/\/www.learnportuguesewithsusana.com\/pt\/shop\/ja-esta-first-12-weeks-of-course\/\" class=\"bdt-link-reset\">\n\t\t\t\t\t\t\t\t\t\t\tJ\u00c1 EST\u00c1! &#8211; First 12 Weeks\t\t\t\t\t\t\t\t\t\t<\/a>\n\t\t\t\t\t\t\t\t\t<\/h2>\n\t\t\t\t\t\t\t\t\n\t\t\t\t\t\t\t\t\t\t\t\t\t\t\t\t\t\t\t\t\t\t\t\t\t\t\t<div class=\"bdt-wc-product-price\">\n\t\t\t\t\t\t\t\t\t\t\t<p class=\"price\"><span class=\"woocommerce-Price-amount amount\"><bdi>325<span class=\"woocommerce-Price-currencySymbol\">&euro;<\/span><\/bdi><\/span><\/p>\n\t\t\t\t\t\t\t\t\t\t<\/div>\n\t\t\t\t\t\t\t\t\t\n\t\t\t\t\t\t\t\t\t\t\t\t\t\t\t\t\t\t\t\t\t\t\t\t<\/div>\n\n\t\t\t\t\t\t<\/div>\n\t\t\t\t\t<\/div>\n\t\t\t\t\n\t\t\t\t\t\n\t\t\t\t\t<div class=\"bdt-wc-product\">\n\t\t\t\t\t\t<div class=\"bdt-wc-product-inner\">\n\n\t\t\t\t\t\t\t\n\t\t\t\t\t\t\t\t\t<div class=\"bdt-wc-product-image bdt-position-relative bdt-background-cover\">\n\t\t\t<a href=\"https:\/\/www.learnportuguesewithsusana.com\/pt\/shop\/ja-esta-last-12-weeks-of-course\/\">\n\t\t\t\t<img decoding=\"async\" src=\"https:\/\/www.learnportuguesewithsusana.com\/pt\/wp-content\/uploads\/2022\/03\/JAESTA_last12-1-300x300.jpg\"\n\t\t\t\t\talt=\"J\u00c1 EST\u00c1! &#8211; Last 12 Weeks\">\n\t\t\t<\/a>\n\n\t\t\t\t\t\t\t<div class=\"bdt-wc-add-to-cart \">\n\t\t\t\t\t\t\t\t<a href=\"\/pt\/wp-json\/wp\/v2\/pages\/61753?add-to-cart=29092\" data-quantity=\"1\" class=\"button product_type_course add_to_cart_button ajax_add_to_cart\" data-product_id=\"29092\" data-product_sku=\"\" aria-label=\"Read more about &ldquo;J\u00c1 EST\u00c1! - Last 12 Weeks&rdquo;\" rel=\"nofollow\">Add to cart <i class=\"button-icon ep-icon-arrow-right\"><\/i><\/a>\t\t\n\t\t\t\t<\/div>\n\t\t\t\t\t<\/div>\n\t\t\n\t\t\t\t\t\t\t\n\t\t\t\t\t\t\t<div class=\"bdt-wc-product-desc\">\n\t\t\t\t\t\t\t\t\t\t\t\t\t\t\t\t\t<h2\t\t\t\t\t\t\t\t\t\tclass=\"bdt-wc-product-title\">\n\t\t\t\t\t\t\t\t\t\t<a href=\"https:\/\/www.learnportuguesewithsusana.com\/pt\/shop\/ja-esta-last-12-weeks-of-course\/\" class=\"bdt-link-reset\">\n\t\t\t\t\t\t\t\t\t\t\tJ\u00c1 EST\u00c1! &#8211; Last 12 Weeks\t\t\t\t\t\t\t\t\t\t<\/a>\n\t\t\t\t\t\t\t\t\t<\/h2>\n\t\t\t\t\t\t\t\t\n\t\t\t\t\t\t\t\t\t\t\t\t\t\t\t\t\t\t\t\t\t\t\t\t\t\t\t<div class=\"bdt-wc-product-price\">\n\t\t\t\t\t\t\t\t\t\t\t<p class=\"price\"><span class=\"woocommerce-Price-amount amount\"><bdi>325<span class=\"woocommerce-Price-currencySymbol\">&euro;<\/span><\/bdi><\/span><\/p>\n\t\t\t\t\t\t\t\t\t\t<\/div>\n\t\t\t\t\t\t\t\t\t\n\t\t\t\t\t\t\t\t\t\t\t\t\t\t\t\t\t\t\t\t\t\t\t\t<\/div>\n\n\t\t\t\t\t\t<\/div>\n\t\t\t\t\t<\/div>\n\t\t\t\t\n\t\t\t\t\t\n\t\t\t\t\t<div class=\"bdt-wc-product\">\n\t\t\t\t\t\t<div class=\"bdt-wc-product-inner\">\n\n\t\t\t\t\t\t\t\n\t\t\t\t\t\t\t\t\t<div class=\"bdt-wc-product-image bdt-position-relative bdt-background-cover\">\n\t\t\t<a href=\"https:\/\/www.learnportuguesewithsusana.com\/pt\/shop\/ja-esta\/\">\n\t\t\t\t<img decoding=\"async\" src=\"https:\/\/www.learnportuguesewithsusana.com\/pt\/wp-content\/uploads\/2022\/03\/JAESTA_24weeks-1-300x300.jpg\"\n\t\t\t\t\talt=\"J\u00c1 EST\u00c1! &#8211; 24 Weeks\">\n\t\t\t<\/a>\n\n\t\t\t\t\t\t\t<div class=\"bdt-wc-add-to-cart \">\n\t\t\t\t\t\t\t\t<a href=\"\/pt\/wp-json\/wp\/v2\/pages\/61753?add-to-cart=28875\" data-quantity=\"1\" class=\"button product_type_course add_to_cart_button ajax_add_to_cart\" data-product_id=\"28875\" data-product_sku=\"\" aria-label=\"Read more about &ldquo;J\u00c1 EST\u00c1! - 24 Weeks&rdquo;\" rel=\"nofollow\">Add to cart <i class=\"button-icon ep-icon-arrow-right\"><\/i><\/a>\t\t\n\t\t\t\t<\/div>\n\t\t\t\t\t<\/div>\n\t\t\n\t\t\t\t\t\t\t\n\t\t\t\t\t\t\t<div class=\"bdt-wc-product-desc\">\n\t\t\t\t\t\t\t\t\t\t\t\t\t\t\t\t\t<h2\t\t\t\t\t\t\t\t\t\tclass=\"bdt-wc-product-title\">\n\t\t\t\t\t\t\t\t\t\t<a href=\"https:\/\/www.learnportuguesewithsusana.com\/pt\/shop\/ja-esta\/\" class=\"bdt-link-reset\">\n\t\t\t\t\t\t\t\t\t\t\tJ\u00c1 EST\u00c1! &#8211; 24 Weeks\t\t\t\t\t\t\t\t\t\t<\/a>\n\t\t\t\t\t\t\t\t\t<\/h2>\n\t\t\t\t\t\t\t\t\n\t\t\t\t\t\t\t\t\t\t\t\t\t\t\t\t\t\t\t\t\t\t\t\t\t\t\t<div class=\"bdt-wc-product-price\">\n\t\t\t\t\t\t\t\t\t\t\t<p class=\"price\"><span class=\"woocommerce-Price-amount amount\"><bdi>600<span class=\"woocommerce-Price-currencySymbol\">&euro;<\/span><\/bdi><\/span><\/p>\n\t\t\t\t\t\t\t\t\t\t<\/div>\n\t\t\t\t\t\t\t\t\t\n\t\t\t\t\t\t\t\t\t\t\t\t\t\t\t\t\t\t\t\t\t\t\t\t<\/div>\n\n\t\t\t\t\t\t<\/div>\n\t\t\t\t\t<\/div>\n\t\t\t\t\n\t\t\t\t\t\n\t\t\t\t\t<div class=\"bdt-wc-product\">\n\t\t\t\t\t\t<div class=\"bdt-wc-product-inner\">\n\n\t\t\t\t\t\t\t\n\t\t\t\t\t\t\t\t\t<div class=\"bdt-wc-product-image bdt-position-relative bdt-background-cover\">\n\t\t\t<a href=\"https:\/\/www.learnportuguesewithsusana.com\/pt\/shop\/vamos-la-ciple-prep-14-weeks\/\">\n\t\t\t\t<img decoding=\"async\" src=\"https:\/\/www.learnportuguesewithsusana.com\/pt\/wp-content\/uploads\/2025\/10\/VAMOS_LAR_prod-300x300.jpg\"\n\t\t\t\t\talt=\"VAMOS L\u00c1! &#8211; 14 weeks\">\n\t\t\t<\/a>\n\n\t\t\t\t\t\t\t<div class=\"bdt-wc-add-to-cart \">\n\t\t\t\t\t\t\t\t<a href=\"https:\/\/www.learnportuguesewithsusana.com\/pt\/shop\/vamos-la-ciple-prep-14-weeks\/\" data-quantity=\"1\" class=\"button product_type_simple\" data-product_id=\"62157\" data-product_sku=\"\" aria-label=\"Read more about &ldquo;VAMOS L\u00c1! - 14 weeks&rdquo;\" rel=\"nofollow\">Read more <i class=\"button-icon ep-icon-arrow-right\"><\/i><\/a>\t\t\n\t\t\t\t<\/div>\n\t\t\t\t\t<\/div>\n\t\t\n\t\t\t\t\t\t\t\n\t\t\t\t\t\t\t<div class=\"bdt-wc-product-desc\">\n\t\t\t\t\t\t\t\t\t\t\t\t\t\t\t\t\t<h2\t\t\t\t\t\t\t\t\t\tclass=\"bdt-wc-product-title\">\n\t\t\t\t\t\t\t\t\t\t<a href=\"https:\/\/www.learnportuguesewithsusana.com\/pt\/shop\/vamos-la-ciple-prep-14-weeks\/\" class=\"bdt-link-reset\">\n\t\t\t\t\t\t\t\t\t\t\tVAMOS L\u00c1! &#8211; 14 weeks\t\t\t\t\t\t\t\t\t\t<\/a>\n\t\t\t\t\t\t\t\t\t<\/h2>\n\t\t\t\t\t\t\t\t\n\t\t\t\t\t\t\t\t\t\t\t\t\t\t\t\t\t\t\t\t\t\t\t\t\t\t\t<div class=\"bdt-wc-product-price\">\n\t\t\t\t\t\t\t\t\t\t\t<p class=\"price\"><\/p>\n\t\t\t\t\t\t\t\t\t\t<\/div>\n\t\t\t\t\t\t\t\t\t\n\t\t\t\t\t\t\t\t\t\t\t\t\t\t\t\t\t\t\t\t\t\t\t\t<\/div>\n\n\t\t\t\t\t\t<\/div>\n\t\t\t\t\t<\/div>\n\t\t\t\t\n\t\t\t\t\t\n\t\t\t\t\t<div class=\"bdt-wc-product\">\n\t\t\t\t\t\t<div class=\"bdt-wc-product-inner\">\n\n\t\t\t\t\t\t\t\n\t\t\t\t\t\t\t\t\t<div class=\"bdt-wc-product-image bdt-position-relative bdt-background-cover\">\n\t\t\t<a href=\"https:\/\/www.learnportuguesewithsusana.com\/pt\/shop\/ja-esta-ciple-prep-4-weeks\/\">\n\t\t\t\t<img decoding=\"async\" src=\"https:\/\/www.learnportuguesewithsusana.com\/pt\/wp-content\/uploads\/2025\/10\/JAESTA_CiplePrep-300x300.jpg\"\n\t\t\t\t\talt=\"J\u00c1 EST\u00c1! Ciple Prep &#8211; 4 Weeks\">\n\t\t\t<\/a>\n\n\t\t\t\t\t\t\t<div class=\"bdt-wc-add-to-cart \">\n\t\t\t\t\t\t\t\t<a href=\"https:\/\/www.learnportuguesewithsusana.com\/pt\/shop\/ja-esta-ciple-prep-4-weeks\/\" data-quantity=\"1\" class=\"button product_type_simple\" data-product_id=\"62158\" data-product_sku=\"\" aria-label=\"Read more about &ldquo;J\u00c1 EST\u00c1! Ciple Prep - 4 Weeks&rdquo;\" rel=\"nofollow\">Read more <i class=\"button-icon ep-icon-arrow-right\"><\/i><\/a>\t\t\n\t\t\t\t<\/div>\n\t\t\t\t\t<\/div>\n\t\t\n\t\t\t\t\t\t\t\n\t\t\t\t\t\t\t<div class=\"bdt-wc-product-desc\">\n\t\t\t\t\t\t\t\t\t\t\t\t\t\t\t\t\t<h2\t\t\t\t\t\t\t\t\t\tclass=\"bdt-wc-product-title\">\n\t\t\t\t\t\t\t\t\t\t<a href=\"https:\/\/www.learnportuguesewithsusana.com\/pt\/shop\/ja-esta-ciple-prep-4-weeks\/\" class=\"bdt-link-reset\">\n\t\t\t\t\t\t\t\t\t\t\tJ\u00c1 EST\u00c1! Ciple Prep &#8211; 4 Weeks\t\t\t\t\t\t\t\t\t\t<\/a>\n\t\t\t\t\t\t\t\t\t<\/h2>\n\t\t\t\t\t\t\t\t\n\t\t\t\t\t\t\t\t\t\t\t\t\t\t\t\t\t\t\t\t\t\t\t\t\t\t\t<div class=\"bdt-wc-product-price\">\n\t\t\t\t\t\t\t\t\t\t\t<p class=\"price\"><\/p>\n\t\t\t\t\t\t\t\t\t\t<\/div>\n\t\t\t\t\t\t\t\t\t\n\t\t\t\t\t\t\t\t\t\t\t\t\t\t\t\t\t\t\t\t\t\t\t\t<\/div>\n\n\t\t\t\t\t\t<\/div>\n\t\t\t\t\t<\/div>\n\t\t\t\t\t\t\t<\/div>\n\t\t\t\t\t\t\t<div class=\"ep-pagination\">\n\t\t\t\t\t\t\t\t\t<\/div>\n\t\t\t\t\n\t\t<\/div>\n\t\t\t\t\t\t\t\t<\/div>\n\t\t\t\t\t<\/div>\n\t\t<\/div>\n\t\t\t\t\t<\/div>\n\t\t<\/section>\n\t\t\t\t<\/div>\n\t\t","protected":false},"excerpt":{"rendered":"<p>Courses Add to cart J\u00c1 EST\u00c1! &#8211; Introdu\u00e7\u00e3o 0&euro; Add to cart J\u00c1 EST\u00c1! &#8211; First 12 Weeks 325&euro; Add to cart J\u00c1 EST\u00c1! &#8211; Last 12 Weeks 325&euro; Add to cart J\u00c1 EST\u00c1! &#8211; 24 Weeks 600&euro; Read more VAMOS L\u00c1! &#8211; 14 weeks Read more J\u00c1 EST\u00c1! Ciple Prep &#8211; 4 Weeks<\/p>\n","protected":false},"author":1,"featured_media":0,"parent":0,"menu_order":0,"comment_status":"closed","ping_status":"closed","template":"","meta":{"site-sidebar-layout":"no-sidebar","site-content-layout":"","ast-site-content-layout":"full-width-container","site-content-style":"unboxed","site-sidebar-style":"unboxed","ast-global-header-display":"","ast-banner-title-visibility":"","ast-main-header-display":"","ast-hfb-above-header-display":"","ast-hfb-below-header-display":"","ast-hfb-mobile-header-display":"","site-post-title":"disabled","ast-breadcrumbs-content":"","ast-featured-img":"disabled","footer-sml-layout":"","ast-disable-related-posts":"","theme-transparent-header-meta":"default","adv-header-id-meta":"","stick-header-meta":"","header-above-stick-meta":"","header-main-stick-meta":"","header-below-stick-meta":"","astra-migrate-meta-layouts":"set","ast-page-background-enabled":"default","ast-page-background-meta":{"desktop":{"background-color":"","background-image":"","background-repeat":"repeat","background-position":"center center","background-size":"auto","background-attachment":"scroll","background-type":"","background-media":"","overlay-type":"","overlay-color":"","overlay-opacity":"","overlay-gradient":""},"tablet":{"background-color":"","background-image":"","background-repeat":"repeat","background-position":"center center","background-size":"auto","background-attachment":"scroll","background-type":"","background-media":"","overlay-type":"","overlay-color":"","overlay-opacity":"","overlay-gradient":""},"mobile":{"background-color":"","background-image":"","background-repeat":"repeat","background-position":"center center","background-size":"auto","background-attachment":"scroll","background-type":"","background-media":"","overlay-type":"","overlay-color":"","overlay-opacity":"","overlay-gradient":""}},"ast-content-background-meta":{"desktop":{"background-color":"var(--ast-global-color-5)","background-image":"","background-repeat":"repeat","background-position":"center center","background-size":"auto","background-attachment":"scroll","background-type":"","background-media":"","overlay-type":"","overlay-color":"","overlay-opacity":"","overlay-gradient":""},"tablet":{"background-color":"var(--ast-global-color-5)","background-image":"","background-repeat":"repeat","background-position":"center center","background-size":"auto","background-attachment":"scroll","background-type":"","background-media":"","overlay-type":"","overlay-color":"","overlay-opacity":"","overlay-gradient":""},"mobile":{"background-color":"var(--ast-global-color-5)","background-image":"","background-repeat":"repeat","background-position":"center center","background-size":"auto","background-attachment":"scroll","background-type":"","background-media":"","overlay-type":"","overlay-color":"","overlay-opacity":"","overlay-gradient":""}},"footnotes":""},"class_list":["post-61753","page","type-page","status-publish","hentry","desktop-align-left","tablet-align-left","mobile-align-left"],"_links":{"self":[{"href":"https:\/\/www.learnportuguesewithsusana.com\/pt\/wp-json\/wp\/v2\/pages\/61753","targetHints":{"allow":["GET"]}}],"collection":[{"href":"https:\/\/www.learnportuguesewithsusana.com\/pt\/wp-json\/wp\/v2\/pages"}],"about":[{"href":"https:\/\/www.learnportuguesewithsusana.com\/pt\/wp-json\/wp\/v2\/types\/page"}],"author":[{"embeddable":true,"href":"https:\/\/www.learnportuguesewithsusana.com\/pt\/wp-json\/wp\/v2\/users\/1"}],"replies":[{"embeddable":true,"href":"https:\/\/www.learnportuguesewithsusana.com\/pt\/wp-json\/wp\/v2\/comments?post=61753"}],"version-history":[{"count":21,"href":"https:\/\/www.learnportuguesewithsusana.com\/pt\/wp-json\/wp\/v2\/pages\/61753\/revisions"}],"predecessor-version":[{"id":62169,"href":"https:\/\/www.learnportuguesewithsusana.com\/pt\/wp-json\/wp\/v2\/pages\/61753\/revisions\/62169"}],"wp:attachment":[{"href":"https:\/\/www.learnportuguesewithsusana.com\/pt\/wp-json\/wp\/v2\/media?parent=61753"}],"curies":[{"name":"wp","href":"https:\/\/api.w.org\/{rel}","templated":true}]}}