{"id":24971,"date":"2021-03-15T20:13:13","date_gmt":"2021-03-15T20:13:13","guid":{"rendered":"https:\/\/www.learnportuguesewithsusana.com\/pt\/?page_id=24971"},"modified":"2025-03-18T22:24:44","modified_gmt":"2025-03-18T22:24:44","slug":"blog","status":"publish","type":"page","link":"https:\/\/www.learnportuguesewithsusana.com\/lpws\/blog\/","title":{"rendered":"Blog"},"content":{"rendered":"\t\t<div data-elementor-type=\"wp-page\" data-elementor-id=\"24971\" class=\"elementor elementor-24971\" data-elementor-settings=\"{&quot;element_pack_global_tooltip_width&quot;:{&quot;unit&quot;:&quot;px&quot;,&quot;size&quot;:&quot;&quot;,&quot;sizes&quot;:[]},&quot;element_pack_global_tooltip_width_tablet&quot;:{&quot;unit&quot;:&quot;px&quot;,&quot;size&quot;:&quot;&quot;,&quot;sizes&quot;:[]},&quot;element_pack_global_tooltip_width_mobile&quot;:{&quot;unit&quot;:&quot;px&quot;,&quot;size&quot;:&quot;&quot;,&quot;sizes&quot;:[]},&quot;element_pack_global_tooltip_padding&quot;:{&quot;unit&quot;:&quot;px&quot;,&quot;top&quot;:&quot;&quot;,&quot;right&quot;:&quot;&quot;,&quot;bottom&quot;:&quot;&quot;,&quot;left&quot;:&quot;&quot;,&quot;isLinked&quot;:true},&quot;element_pack_global_tooltip_padding_tablet&quot;:{&quot;unit&quot;:&quot;px&quot;,&quot;top&quot;:&quot;&quot;,&quot;right&quot;:&quot;&quot;,&quot;bottom&quot;:&quot;&quot;,&quot;left&quot;:&quot;&quot;,&quot;isLinked&quot;:true},&quot;element_pack_global_tooltip_padding_mobile&quot;:{&quot;unit&quot;:&quot;px&quot;,&quot;top&quot;:&quot;&quot;,&quot;right&quot;:&quot;&quot;,&quot;bottom&quot;:&quot;&quot;,&quot;left&quot;:&quot;&quot;,&quot;isLinked&quot;:true},&quot;element_pack_global_tooltip_border_radius&quot;:{&quot;unit&quot;:&quot;px&quot;,&quot;top&quot;:&quot;&quot;,&quot;right&quot;:&quot;&quot;,&quot;bottom&quot;:&quot;&quot;,&quot;left&quot;:&quot;&quot;,&quot;isLinked&quot;:true},&quot;element_pack_global_tooltip_border_radius_tablet&quot;:{&quot;unit&quot;:&quot;px&quot;,&quot;top&quot;:&quot;&quot;,&quot;right&quot;:&quot;&quot;,&quot;bottom&quot;:&quot;&quot;,&quot;left&quot;:&quot;&quot;,&quot;isLinked&quot;:true},&quot;element_pack_global_tooltip_border_radius_mobile&quot;:{&quot;unit&quot;:&quot;px&quot;,&quot;top&quot;:&quot;&quot;,&quot;right&quot;:&quot;&quot;,&quot;bottom&quot;:&quot;&quot;,&quot;left&quot;:&quot;&quot;,&quot;isLinked&quot;:true}}\" data-elementor-post-type=\"page\">\n\t\t\t\t\t\t<section class=\"elementor-section elementor-top-section elementor-element elementor-element-025c1d1 elementor-section-boxed elementor-section-height-default elementor-section-height-default wpr-particle-no wpr-jarallax-no wpr-parallax-no wpr-sticky-section-no wpr-equal-height-no\" data-id=\"025c1d1\" data-element_type=\"section\" data-e-type=\"section\" data-settings=\"{&quot;background_background&quot;:&quot;classic&quot;}\">\n\t\t\t\t\t\t<div class=\"elementor-container elementor-column-gap-no\">\n\t\t\t\t\t<div class=\"elementor-column elementor-col-100 elementor-top-column elementor-element elementor-element-3c4c263\" data-id=\"3c4c263\" data-element_type=\"column\" data-e-type=\"column\">\n\t\t\t<div class=\"elementor-widget-wrap elementor-element-populated\">\n\t\t\t\t\t\t<div class=\"elementor-element elementor-element-e6436db elementor-widget elementor-widget-heading\" data-id=\"e6436db\" data-element_type=\"widget\" data-e-type=\"widget\" data-widget_type=\"heading.default\">\n\t\t\t\t\t<h1 class=\"elementor-heading-title elementor-size-default\">Blog<\/h1>\t\t\t\t<\/div>\n\t\t\t\t<div class=\"elementor-element elementor-element-0e24e8e elementor-widget elementor-widget-text-editor\" data-id=\"0e24e8e\" data-element_type=\"widget\" data-e-type=\"widget\" data-widget_type=\"text-editor.default\">\n\t\t\t\t\t\t\t\t\t<p>Blog with me!<\/p>\t\t\t\t\t\t\t\t<\/div>\n\t\t\t\t\t<\/div>\n\t\t<\/div>\n\t\t\t\t\t<\/div>\n\t\t<\/section>\n\t\t\t\t<section class=\"elementor-section elementor-top-section elementor-element elementor-element-539e338 elementor-section-boxed elementor-section-height-default elementor-section-height-default wpr-particle-no wpr-jarallax-no wpr-parallax-no wpr-sticky-section-no wpr-equal-height-no\" data-id=\"539e338\" data-element_type=\"section\" data-e-type=\"section\" data-settings=\"{&quot;background_background&quot;:&quot;gradient&quot;}\">\n\t\t\t\t\t\t<div class=\"elementor-container elementor-column-gap-no\">\n\t\t\t\t\t<div class=\"elementor-column elementor-col-100 elementor-top-column elementor-element elementor-element-e4bc717\" data-id=\"e4bc717\" data-element_type=\"column\" data-e-type=\"column\">\n\t\t\t<div class=\"elementor-widget-wrap elementor-element-populated\">\n\t\t\t\t\t\t<div class=\"elementor-element elementor-element-39d4d4a premium-blog-align-left elementor-widget elementor-widget-premium-addon-blog\" data-id=\"39d4d4a\" data-element_type=\"widget\" data-e-type=\"widget\" data-settings=\"{&quot;premium_blog_grid&quot;:&quot;yes&quot;,&quot;premium_blog_layout&quot;:&quot;even&quot;,&quot;premium_blog_columns_number&quot;:&quot;50%&quot;,&quot;premium_blog_columns_number_tablet&quot;:&quot;50%&quot;,&quot;premium_blog_columns_number_mobile&quot;:&quot;100%&quot;,&quot;scroll_to_offset&quot;:&quot;yes&quot;}\" data-widget_type=\"premium-addon-blog.default\">\n\t\t\t\t\t\n\t\t\n\n\t\t\t\t<div class=\"premium-blog-wrap  premium-blog-even\" data-page=\"24971\" data-pagination=\"true\">\n\t\t\t\t\t\t\t\t\t<div class=\"premium-blog-post-outer-container\" data-total=\"7\">\n\t\t\t<div class=\"premium-blog-post-container premium-blog-skin-modern\">\n\t\t\t\t\t\t\t\t\t<div class=\"premium-blog-thumb-effect-wrapper\">\n\t\t\t\t\t\t<div class=\"premium-blog-thumbnail-container premium-blog-zoomin-effect\">\n\t\t\t\t\t\t\t\t\t\t\t<a href=\"https:\/\/www.learnportuguesewithsusana.com\/lpws\/carolina-beatriz-angelo-the-first-woman-to-vote-in-portugal-1911\/\" target=\"_self\">\n\t\t\t\t<img fetchpriority=\"high\" decoding=\"async\" width=\"750\" height=\"422\" src=\"https:\/\/www.learnportuguesewithsusana.com\/lpws\/wp-content\/uploads\/2026\/02\/CarolinaBeatrizAngelo.png\" class=\"attachment-large size-large wp-image-62094\" alt=\"\" srcset=\"https:\/\/www.learnportuguesewithsusana.com\/lpws\/wp-content\/uploads\/2026\/02\/CarolinaBeatrizAngelo.png 750w, https:\/\/www.learnportuguesewithsusana.com\/lpws\/wp-content\/uploads\/2026\/02\/CarolinaBeatrizAngelo-300x169.png 300w\" sizes=\"(max-width: 750px) 100vw, 750px\" \/>\t\t\t\t<\/a>\n\t\t\t\t\t\t\t\t\t\t<\/div>\n\t\t\t\t\t\t\t\t\t\t\t\t\t<div class=\"premium-blog-effect-container premium-blog-framed-effect\">\n\t\t\t\t\t\t\t\t<a class=\"premium-blog-post-link\" href=\"https:\/\/www.learnportuguesewithsusana.com\/lpws\/carolina-beatriz-angelo-the-first-woman-to-vote-in-portugal-1911\/\" target=\"_self\"><span>CAROLINA BEATRIZ \u00c2NGELO \u2013 The First Woman to Vote in Portugal (1911)<\/span><\/a>\n\t\t\t\t\t\t\t\t\t\t\t\t\t\t\t<\/div>\n\t\t\t\t\t\t\t\t\t\t\t<\/div>\n\t\t\t\t\t\t\t\t\t\t\t\t<div class=\"premium-blog-content-wrapper \">\n\n\t\t\t\t\t<div class=\"premium-blog-inner-container\">\n\n\t\t\t\t\t\t\t\t\t\t\t\t\t\t<h2 class=\"premium-blog-entry-title\">\n\t\t\t<a href=\"https:\/\/www.learnportuguesewithsusana.com\/lpws\/carolina-beatriz-angelo-the-first-woman-to-vote-in-portugal-1911\/\" target=\"_self\">\n\t\t\t\tCAROLINA BEATRIZ \u00c2NGELO \u2013 The First Woman to Vote in Portugal (1911)\t\t\t<\/a>\n\t\t<\/h2>\n\t\t\t\t<div class=\"premium-blog-entry-meta\">\n\t\t\t\n\t\t\t\t\t\t\t<span class=\"premium-blog-meta-separator\">\u2022<\/span>\n\t\t\t\t<div class=\"premium-blog-post-time premium-blog-meta-data\">\n\t\t\t\t\t<i class=\"fa fa-calendar-alt\" aria-hidden=\"true\"><\/i>\n\t\t\t\t\t<span>February 11, 2026<\/span>\n\t\t\t\t<\/div>\n\t\t\t\n\t\t\t\n\t\t\t\t\t<\/div>\n\t\t\n\t\t\t\t\t<\/div>\n\n\t\t\t\t\t\t\t<div class=\"premium-blog-content-inner-wrapper\">\n\t\t<p class=\"premium-blog-post-content\">Fonte:\u00a0https:\/\/www.acegis.com\/2020\/05\/carolina-beatriz-angelo-a-primeira-mulher-portuguesa-a-conquistar-o-direito-ao-voto-2\/ Learn European Portuguese through the inspiring story of Carolina Beatriz \u00c2ngelo, the first woman to vote in Portugal, and understand Portuguese history and society. Leitura Guiada &#8211; Escolhe o teu n\u00edvel Guided Reading &#8211; \u2026<\/p>\t\t<\/div>\n\t\t\t\t\t\t\t\n\t\t\t\t<\/div>\n\t\t\t<\/div>\n\t\t<\/div>\n\n\t\t\t\t<div class=\"premium-blog-post-outer-container\" data-total=\"7\">\n\t\t\t<div class=\"premium-blog-post-container premium-blog-skin-modern\">\n\t\t\t\t\t\t\t\t\t<div class=\"premium-blog-thumb-effect-wrapper\">\n\t\t\t\t\t\t<div class=\"premium-blog-thumbnail-container premium-blog-zoomin-effect\">\n\t\t\t\t\t\t\t\t\t\t\t<a href=\"https:\/\/www.learnportuguesewithsusana.com\/lpws\/presidential-elections-2026-in-portugal-why-did-so-many-people-not-vote\/\" target=\"_self\">\n\t\t\t\t<img decoding=\"async\" width=\"1024\" height=\"789\" src=\"https:\/\/www.learnportuguesewithsusana.com\/lpws\/wp-content\/uploads\/2026\/01\/Eleicoes-Presidenciais-2026_img-1024x789.jpg\" class=\"attachment-large size-large wp-image-62063\" alt=\"\" srcset=\"https:\/\/www.learnportuguesewithsusana.com\/lpws\/wp-content\/uploads\/2026\/01\/Eleicoes-Presidenciais-2026_img-1024x789.jpg 1024w, https:\/\/www.learnportuguesewithsusana.com\/lpws\/wp-content\/uploads\/2026\/01\/Eleicoes-Presidenciais-2026_img-300x231.jpg 300w, https:\/\/www.learnportuguesewithsusana.com\/lpws\/wp-content\/uploads\/2026\/01\/Eleicoes-Presidenciais-2026_img-768x592.jpg 768w, https:\/\/www.learnportuguesewithsusana.com\/lpws\/wp-content\/uploads\/2026\/01\/Eleicoes-Presidenciais-2026_img.jpg 1195w\" sizes=\"(max-width: 1024px) 100vw, 1024px\" \/>\t\t\t\t<\/a>\n\t\t\t\t\t\t\t\t\t\t<\/div>\n\t\t\t\t\t\t\t\t\t\t\t\t\t<div class=\"premium-blog-effect-container premium-blog-framed-effect\">\n\t\t\t\t\t\t\t\t<a class=\"premium-blog-post-link\" href=\"https:\/\/www.learnportuguesewithsusana.com\/lpws\/presidential-elections-2026-in-portugal-why-did-so-many-people-not-vote\/\" target=\"_self\"><span>Presidential Elections 2026 in Portugal: Why Did So Many People Not Vote?<\/span><\/a>\n\t\t\t\t\t\t\t\t\t\t\t\t\t\t\t<\/div>\n\t\t\t\t\t\t\t\t\t\t\t<\/div>\n\t\t\t\t\t\t\t\t\t\t\t\t<div class=\"premium-blog-content-wrapper \">\n\n\t\t\t\t\t<div class=\"premium-blog-inner-container\">\n\n\t\t\t\t\t\t\t\t\t\t\t\t\t\t<h2 class=\"premium-blog-entry-title\">\n\t\t\t<a href=\"https:\/\/www.learnportuguesewithsusana.com\/lpws\/presidential-elections-2026-in-portugal-why-did-so-many-people-not-vote\/\" target=\"_self\">\n\t\t\t\tPresidential Elections 2026 in Portugal: Why Did So Many People Not Vote?\t\t\t<\/a>\n\t\t<\/h2>\n\t\t\t\t<div class=\"premium-blog-entry-meta\">\n\t\t\t\n\t\t\t\t\t\t\t<span class=\"premium-blog-meta-separator\">\u2022<\/span>\n\t\t\t\t<div class=\"premium-blog-post-time premium-blog-meta-data\">\n\t\t\t\t\t<i class=\"fa fa-calendar-alt\" aria-hidden=\"true\"><\/i>\n\t\t\t\t\t<span>January 22, 2026<\/span>\n\t\t\t\t<\/div>\n\t\t\t\n\t\t\t\n\t\t\t\t\t<\/div>\n\t\t\n\t\t\t\t\t<\/div>\n\n\t\t\t\t\t\t\t<div class=\"premium-blog-content-inner-wrapper\">\n\t\t<p class=\"premium-blog-post-content\">Fonte: https:\/\/www.rtp.pt\/eleicoes\/presidenciais-resultados\/2026\/totais-globais\/99 Click to read in Portuguese Presidential Elections 2026 in Portugal: Why Did So Many People Not Vote? The 2026 presidential elections in Portugal have already taken place, but we still do not know \u2026<\/p>\t\t<\/div>\n\t\t\t\t\t\t\t\n\t\t\t\t<\/div>\n\t\t\t<\/div>\n\t\t<\/div>\n\n\t\t\t\t<div class=\"premium-blog-post-outer-container\" data-total=\"7\">\n\t\t\t<div class=\"premium-blog-post-container premium-blog-skin-modern\">\n\t\t\t\t\t\t\t\t\t<div class=\"premium-blog-thumb-effect-wrapper\">\n\t\t\t\t\t\t<div class=\"premium-blog-thumbnail-container premium-blog-zoomin-effect\">\n\t\t\t\t\t\t\t\t\t\t\t<a href=\"https:\/\/www.learnportuguesewithsusana.com\/lpws\/were-launching-the-podcast-series-on-the-cities-of-portugal\/\" target=\"_self\">\n\t\t\t\t<img decoding=\"async\" width=\"1024\" height=\"446\" src=\"https:\/\/www.learnportuguesewithsusana.com\/lpws\/wp-content\/uploads\/2026\/01\/N8_Santa-Maria-da-Feria_Blog-1024x446.png\" class=\"attachment-large size-large wp-image-62039\" alt=\"\" srcset=\"https:\/\/www.learnportuguesewithsusana.com\/lpws\/wp-content\/uploads\/2026\/01\/N8_Santa-Maria-da-Feria_Blog-1024x446.png 1024w, https:\/\/www.learnportuguesewithsusana.com\/lpws\/wp-content\/uploads\/2026\/01\/N8_Santa-Maria-da-Feria_Blog-300x131.png 300w, https:\/\/www.learnportuguesewithsusana.com\/lpws\/wp-content\/uploads\/2026\/01\/N8_Santa-Maria-da-Feria_Blog-768x335.png 768w, https:\/\/www.learnportuguesewithsusana.com\/lpws\/wp-content\/uploads\/2026\/01\/N8_Santa-Maria-da-Feria_Blog.png 1228w\" sizes=\"(max-width: 1024px) 100vw, 1024px\" \/>\t\t\t\t<\/a>\n\t\t\t\t\t\t\t\t\t\t<\/div>\n\t\t\t\t\t\t\t\t\t\t\t\t\t<div class=\"premium-blog-effect-container premium-blog-framed-effect\">\n\t\t\t\t\t\t\t\t<a class=\"premium-blog-post-link\" href=\"https:\/\/www.learnportuguesewithsusana.com\/lpws\/were-launching-the-podcast-series-on-the-cities-of-portugal\/\" target=\"_self\"><span>We\u2019re Launching the Podcast Series on the Cities of Portugal<\/span><\/a>\n\t\t\t\t\t\t\t\t\t\t\t\t\t\t\t<\/div>\n\t\t\t\t\t\t\t\t\t\t\t<\/div>\n\t\t\t\t\t\t\t\t\t\t\t\t<div class=\"premium-blog-content-wrapper \">\n\n\t\t\t\t\t<div class=\"premium-blog-inner-container\">\n\n\t\t\t\t\t\t\t\t\t\t\t\t\t\t<h2 class=\"premium-blog-entry-title\">\n\t\t\t<a href=\"https:\/\/www.learnportuguesewithsusana.com\/lpws\/were-launching-the-podcast-series-on-the-cities-of-portugal\/\" target=\"_self\">\n\t\t\t\tWe\u2019re Launching the Podcast Series on the Cities of Portugal\t\t\t<\/a>\n\t\t<\/h2>\n\t\t\t\t<div class=\"premium-blog-entry-meta\">\n\t\t\t\n\t\t\t\t\t\t\t<span class=\"premium-blog-meta-separator\">\u2022<\/span>\n\t\t\t\t<div class=\"premium-blog-post-time premium-blog-meta-data\">\n\t\t\t\t\t<i class=\"fa fa-calendar-alt\" aria-hidden=\"true\"><\/i>\n\t\t\t\t\t<span>January 20, 2026<\/span>\n\t\t\t\t<\/div>\n\t\t\t\n\t\t\t\n\t\t\t\t\t<\/div>\n\t\t\n\t\t\t\t\t<\/div>\n\n\t\t\t\t\t\t\t<div class=\"premium-blog-content-inner-wrapper\">\n\t\t<p class=\"premium-blog-post-content\">Fonte: https:\/\/www.viagemmedieval.com\/santa-maria-da-feira-rumo-ao-reinado-de-d-duarte\/ We have some very exciting news for you: we have just launched a new podcast series from Life in Portugal, dedicated to discovering lesser-known Portuguese cities, their traditions, culture, and history. In this \u2026<\/p>\t\t<\/div>\n\t\t\t\t\t\t\t\n\t\t\t\t<\/div>\n\t\t\t<\/div>\n\t\t<\/div>\n\n\t\t\t\t<div class=\"premium-blog-post-outer-container\" data-total=\"7\">\n\t\t\t<div class=\"premium-blog-post-container premium-blog-skin-modern\">\n\t\t\t\t\t\t\t\t\t<div class=\"premium-blog-thumb-effect-wrapper\">\n\t\t\t\t\t\t<div class=\"premium-blog-thumbnail-container premium-blog-zoomin-effect\">\n\t\t\t\t\t\t\t\t\t\t\t<a href=\"https:\/\/www.learnportuguesewithsusana.com\/lpws\/do-you-already-know-the-dates-for-the-portuguese-as-a-foreign-language-exams\/\" target=\"_self\">\n\t\t\t\t<img loading=\"lazy\" decoding=\"async\" width=\"955\" height=\"537\" src=\"https:\/\/www.learnportuguesewithsusana.com\/lpws\/wp-content\/uploads\/2026\/01\/CIPLE-EXAM-CALENDAR.jpg\" class=\"attachment-large size-large wp-image-62028\" alt=\"\" srcset=\"https:\/\/www.learnportuguesewithsusana.com\/lpws\/wp-content\/uploads\/2026\/01\/CIPLE-EXAM-CALENDAR.jpg 955w, https:\/\/www.learnportuguesewithsusana.com\/lpws\/wp-content\/uploads\/2026\/01\/CIPLE-EXAM-CALENDAR-300x169.jpg 300w, https:\/\/www.learnportuguesewithsusana.com\/lpws\/wp-content\/uploads\/2026\/01\/CIPLE-EXAM-CALENDAR-768x432.jpg 768w\" sizes=\"(max-width: 955px) 100vw, 955px\" \/>\t\t\t\t<\/a>\n\t\t\t\t\t\t\t\t\t\t<\/div>\n\t\t\t\t\t\t\t\t\t\t\t\t\t<div class=\"premium-blog-effect-container premium-blog-framed-effect\">\n\t\t\t\t\t\t\t\t<a class=\"premium-blog-post-link\" href=\"https:\/\/www.learnportuguesewithsusana.com\/lpws\/do-you-already-know-the-dates-for-the-portuguese-as-a-foreign-language-exams\/\" target=\"_self\"><span>Do you already know the dates for the Portuguese as a Foreign Language Exams?<\/span><\/a>\n\t\t\t\t\t\t\t\t\t\t\t\t\t\t\t<\/div>\n\t\t\t\t\t\t\t\t\t\t\t<\/div>\n\t\t\t\t\t\t\t\t\t\t\t\t<div class=\"premium-blog-content-wrapper \">\n\n\t\t\t\t\t<div class=\"premium-blog-inner-container\">\n\n\t\t\t\t\t\t\t\t\t\t\t\t\t\t<h2 class=\"premium-blog-entry-title\">\n\t\t\t<a href=\"https:\/\/www.learnportuguesewithsusana.com\/lpws\/do-you-already-know-the-dates-for-the-portuguese-as-a-foreign-language-exams\/\" target=\"_self\">\n\t\t\t\tDo you already know the dates for the Portuguese as a Foreign Language Exams?\t\t\t<\/a>\n\t\t<\/h2>\n\t\t\t\t<div class=\"premium-blog-entry-meta\">\n\t\t\t\n\t\t\t\t\t\t\t<span class=\"premium-blog-meta-separator\">\u2022<\/span>\n\t\t\t\t<div class=\"premium-blog-post-time premium-blog-meta-data\">\n\t\t\t\t\t<i class=\"fa fa-calendar-alt\" aria-hidden=\"true\"><\/i>\n\t\t\t\t\t<span>January 6, 2026<\/span>\n\t\t\t\t<\/div>\n\t\t\t\n\t\t\t\n\t\t\t\t\t<\/div>\n\t\t\n\t\t\t\t\t<\/div>\n\n\t\t\t\t\t\t\t<div class=\"premium-blog-content-inner-wrapper\">\n\t\t<p class=\"premium-blog-post-content\">We&#8217;ve started the new year on the right foot and with a planned schedule! CAPLE has already published the official dates for the Portuguese as a Foreign Language Certification exams, namely CIPLE (Certificado Inicial de \u2026<\/p>\t\t<\/div>\n\t\t\t\t\t\t\t\n\t\t\t\t<\/div>\n\t\t\t<\/div>\n\t\t<\/div>\n\n\t\t\t\t\t\t\t<\/div>\n\n\t\t\t\t\t<div class=\"premium-blog-footer\">\n\t\t\t\t\t\t\t<nav class=\"premium-blog-pagination-container\" role=\"navigation\" aria-label=\"Pagination\">\n\t\t\t\t<span aria-current=\"page\" class=\"page-numbers current\">1<\/span>\n<a class=\"page-numbers\" href=\"https:\/\/www.learnportuguesewithsusana.com\/lpws\/wp-json\/wp\/v2\/pages\/24971\/page\/2\/\">2<\/a>\n<a class=\"page-numbers\" href=\"https:\/\/www.learnportuguesewithsusana.com\/lpws\/wp-json\/wp\/v2\/pages\/24971\/page\/3\/\">3<\/a>\n<span class=\"page-numbers dots\">&hellip;<\/span>\n<a class=\"page-numbers\" href=\"https:\/\/www.learnportuguesewithsusana.com\/lpws\/wp-json\/wp\/v2\/pages\/24971\/page\/6\/\">6<\/a>\n<a class=\"next page-numbers\" href=\"https:\/\/www.learnportuguesewithsusana.com\/lpws\/wp-json\/wp\/v2\/pages\/24971\/page\/2\/\">Next \u00bb<\/a>\t\t\t<\/nav>\n\t\t\t\t\t\t<\/div>\n\t\t\n\t\t\n\t\t\t\t\t\t<\/div>\n\t\t\t\t\t<\/div>\n\t\t<\/div>\n\t\t\t\t\t<\/div>\n\t\t<\/section>\n\t\t\t\t<\/div>\n\t\t","protected":false},"excerpt":{"rendered":"<p>Blog Blog with me! About me About me \u2022 March 17, 2025 I was born in Espinho, a beautiful city by the sea, 17 kms from Oporto. I have been an entrepreneur for 25 years and a teacher for 20 of them. Recently I completed a Doctorate \u2026 Celebrate Success with J\u00e1 Est\u00e1! Celebrate Success with J\u00e1 Est\u00e1! \u2022 September 13, 2024 We&#8217;re thrilled to announce that 14 dedicated J\u00e1 Est\u00e1! students have achieved remarkable success in the recent CIPLE (Initial Certificate of Portuguese as a Foreign Language) exam. These outstanding results are a testament to their \u2026 SUMMERCAMP 2024 &#8211; Dive into Portuguese Culture and Fun: Join Our Summer Camp Adventure! SUMMERCAMP 2024 &#8211; Dive into Portuguese Culture and Fun: Join Our Summer Camp Adventure! \u2022 March 14, 2024 Are you ready for an unforgettable summer experience filled with adventure, learning, and cultural immersion? Look no further! Last year, we hosted a sensational Summer Camp in the vibrant city of Porto, during the months \u2026 IN\u00caS &#038; PEDRO &#8211; Amor Eterno na Hist\u00f3ria de Portugal IN\u00caS &#038; PEDRO &#8211; Amor Eterno na Hist\u00f3ria de Portugal \u2022 February 7, 2024 IN\u00caS &amp; PEDRO &#8211; Eternal Love in Portuguese History The story of Pedro and In\u00eas de Castro is one of the most emblematic and moving narratives in Portuguese history, representing a forbidden \u00a0love that \u00a0defied \u2026 1 2 3 &hellip; 5 Next \u00bb<\/p>\n","protected":false},"author":1,"featured_media":0,"parent":0,"menu_order":0,"comment_status":"closed","ping_status":"closed","template":"","meta":{"_monsterinsights_skip_tracking":false,"_monsterinsights_sitenote_active":false,"_monsterinsights_sitenote_note":"","_monsterinsights_sitenote_category":0,"site-sidebar-layout":"no-sidebar","site-content-layout":"page-builder","ast-site-content-layout":"default","site-content-style":"default","site-sidebar-style":"default","ast-global-header-display":"","ast-banner-title-visibility":"","ast-main-header-display":"","ast-hfb-above-header-display":"","ast-hfb-below-header-display":"","ast-hfb-mobile-header-display":"","site-post-title":"disabled","ast-breadcrumbs-content":"","ast-featured-img":"disabled","footer-sml-layout":"","ast-disable-related-posts":"","theme-transparent-header-meta":"default","adv-header-id-meta":"","stick-header-meta":"","header-above-stick-meta":"","header-main-stick-meta":"","header-below-stick-meta":"","astra-migrate-meta-layouts":"default","ast-page-background-enabled":"default","ast-page-background-meta":{"desktop":{"background-color":"","background-image":"","background-repeat":"repeat","background-position":"center center","background-size":"auto","background-attachment":"scroll","background-type":"","background-media":"","overlay-type":"","overlay-color":"","overlay-opacity":"","overlay-gradient":""},"tablet":{"background-color":"","background-image":"","background-repeat":"repeat","background-position":"center center","background-size":"auto","background-attachment":"scroll","background-type":"","background-media":"","overlay-type":"","overlay-color":"","overlay-opacity":"","overlay-gradient":""},"mobile":{"background-color":"","background-image":"","background-repeat":"repeat","background-position":"center center","background-size":"auto","background-attachment":"scroll","background-type":"","background-media":"","overlay-type":"","overlay-color":"","overlay-opacity":"","overlay-gradient":""}},"ast-content-background-meta":{"desktop":{"background-color":"var(--ast-global-color-5)","background-image":"","background-repeat":"repeat","background-position":"center center","background-size":"auto","background-attachment":"scroll","background-type":"","background-media":"","overlay-type":"","overlay-color":"","overlay-opacity":"","overlay-gradient":""},"tablet":{"background-color":"var(--ast-global-color-5)","background-image":"","background-repeat":"repeat","background-position":"center center","background-size":"auto","background-attachment":"scroll","background-type":"","background-media":"","overlay-type":"","overlay-color":"","overlay-opacity":"","overlay-gradient":""},"mobile":{"background-color":"var(--ast-global-color-5)","background-image":"","background-repeat":"repeat","background-position":"center center","background-size":"auto","background-attachment":"scroll","background-type":"","background-media":"","overlay-type":"","overlay-color":"","overlay-opacity":"","overlay-gradient":""}},"footnotes":""},"class_list":["post-24971","page","type-page","status-publish","hentry"],"_links":{"self":[{"href":"https:\/\/www.learnportuguesewithsusana.com\/lpws\/wp-json\/wp\/v2\/pages\/24971","targetHints":{"allow":["GET"]}}],"collection":[{"href":"https:\/\/www.learnportuguesewithsusana.com\/lpws\/wp-json\/wp\/v2\/pages"}],"about":[{"href":"https:\/\/www.learnportuguesewithsusana.com\/lpws\/wp-json\/wp\/v2\/types\/page"}],"author":[{"embeddable":true,"href":"https:\/\/www.learnportuguesewithsusana.com\/lpws\/wp-json\/wp\/v2\/users\/1"}],"replies":[{"embeddable":true,"href":"https:\/\/www.learnportuguesewithsusana.com\/lpws\/wp-json\/wp\/v2\/comments?post=24971"}],"version-history":[{"count":9,"href":"https:\/\/www.learnportuguesewithsusana.com\/lpws\/wp-json\/wp\/v2\/pages\/24971\/revisions"}],"predecessor-version":[{"id":58708,"href":"https:\/\/www.learnportuguesewithsusana.com\/lpws\/wp-json\/wp\/v2\/pages\/24971\/revisions\/58708"}],"wp:attachment":[{"href":"https:\/\/www.learnportuguesewithsusana.com\/lpws\/wp-json\/wp\/v2\/media?parent=24971"}],"curies":[{"name":"wp","href":"https:\/\/api.w.org\/{rel}","templated":true}]}}